{"id":277,"date":"2023-02-27T10:15:45","date_gmt":"2023-02-27T09:15:45","guid":{"rendered":"http:\/\/localhost\/index.php\/home\/"},"modified":"2026-02-17T13:36:27","modified_gmt":"2026-02-17T13:36:27","slug":"hjem","status":"publish","type":"page","link":"https:\/\/byenspsykologer.dk\/","title":{"rendered":"Hjem"},"content":{"rendered":"\t\t<div data-elementor-type=\"wp-page\" data-elementor-id=\"277\" class=\"elementor elementor-277\">\n\t\t\t\t\t\t<section class=\"elementor-section elementor-top-section elementor-element elementor-element-642de4bf elementor-section-boxed elementor-section-height-default elementor-section-height-default\" data-id=\"642de4bf\" data-element_type=\"section\" data-settings=\"{&quot;background_background&quot;:&quot;classic&quot;}\">\n\t\t\t\t\t\t<div class=\"elementor-container elementor-column-gap-default\">\n\t\t\t\t\t<div class=\"elementor-column elementor-col-100 elementor-top-column elementor-element elementor-element-2e4291dc\" data-id=\"2e4291dc\" data-element_type=\"column\">\n\t\t\t<div class=\"elementor-widget-wrap elementor-element-populated\">\n\t\t\t\t\t\t<div class=\"elementor-element elementor-element-4cdc8ca0 elementor-widget elementor-widget-heading\" data-id=\"4cdc8ca0\" data-element_type=\"widget\" data-widget_type=\"heading.default\">\n\t\t\t\t<div class=\"elementor-widget-container\">\n\t\t\t\t\t<h1 class=\"elementor-heading-title elementor-size-default\">Byens Psykologer<\/h1>\t\t\t\t<\/div>\n\t\t\t\t<\/div>\n\t\t\t\t<div class=\"elementor-element elementor-element-22013122 elementor-widget elementor-widget-heading\" data-id=\"22013122\" data-element_type=\"widget\" data-widget_type=\"heading.default\">\n\t\t\t\t<div class=\"elementor-widget-container\">\n\t\t\t\t\t<h2 class=\"elementor-heading-title elementor-size-default\">\nByens Psykologer er et f\u00e6llesskab af uafh\u00e6ngige, universitets-uddannede psykologer.<\/h2>\t\t\t\t<\/div>\n\t\t\t\t<\/div>\n\t\t\t\t\t<\/div>\n\t\t<\/div>\n\t\t\t\t\t<\/div>\n\t\t<\/section>\n\t\t\t\t<section class=\"elementor-section elementor-top-section elementor-element elementor-element-298f402d elementor-section-full_width elementor-section-height-default elementor-section-height-default\" data-id=\"298f402d\" data-element_type=\"section\">\n\t\t\t\t\t\t<div class=\"elementor-container elementor-column-gap-no\">\n\t\t\t\t\t<div class=\"elementor-column elementor-col-100 elementor-top-column elementor-element elementor-element-6bc4490f\" data-id=\"6bc4490f\" data-element_type=\"column\">\n\t\t\t<div class=\"elementor-widget-wrap elementor-element-populated\">\n\t\t\t\t\t\t<div class=\"elementor-element elementor-element-ca67645 elementor-align-right elementor-widget elementor-widget-button\" data-id=\"ca67645\" data-element_type=\"widget\" data-widget_type=\"button.default\">\n\t\t\t\t<div class=\"elementor-widget-container\">\n\t\t\t\t\t\t\t\t\t<div class=\"elementor-button-wrapper\">\n\t\t\t\t\t<a class=\"elementor-button elementor-button-link elementor-size-sm\" href=\"https:\/\/byenspsykologer.dk\/index.php\/lokaler-til-behandlere\/\">\n\t\t\t\t\t\t<span class=\"elementor-button-content-wrapper\">\n\t\t\t\t\t\t\t\t\t<span class=\"elementor-button-text\">Lokaler til behandlere<\/span>\n\t\t\t\t\t<\/span>\n\t\t\t\t\t<\/a>\n\t\t\t\t<\/div>\n\t\t\t\t\t\t\t\t<\/div>\n\t\t\t\t<\/div>\n\t\t\t\t<div class=\"elementor-element elementor-element-46ef9fb6 e-transform elementor-widget elementor-widget-image\" data-id=\"46ef9fb6\" data-element_type=\"widget\" data-settings=\"{&quot;_transform_scale_effect&quot;:{&quot;unit&quot;:&quot;px&quot;,&quot;size&quot;:1.1,&quot;sizes&quot;:[]},&quot;_transform_scale_effect_tablet&quot;:{&quot;unit&quot;:&quot;px&quot;,&quot;size&quot;:&quot;&quot;,&quot;sizes&quot;:[]},&quot;_transform_scale_effect_mobile&quot;:{&quot;unit&quot;:&quot;px&quot;,&quot;size&quot;:&quot;&quot;,&quot;sizes&quot;:[]}}\" data-widget_type=\"image.default\">\n\t\t\t\t<div class=\"elementor-widget-container\">\n\t\t\t\t\t\t\t\t\t\t\t\t\t\t\t<img fetchpriority=\"high\" decoding=\"async\" width=\"2048\" height=\"538\" src=\"https:\/\/byenspsykologer.dk\/wp-content\/uploads\/2023\/03\/Fasade-_2-scaled-1-2048x538.jpg\" class=\"attachment-2048x2048 size-2048x2048 wp-image-1261\" alt=\"\" srcset=\"https:\/\/byenspsykologer.dk\/wp-content\/uploads\/2023\/03\/Fasade-_2-scaled-1-2048x538.jpg 2048w, https:\/\/byenspsykologer.dk\/wp-content\/uploads\/2023\/03\/Fasade-_2-scaled-1-300x79.jpg 300w, https:\/\/byenspsykologer.dk\/wp-content\/uploads\/2023\/03\/Fasade-_2-scaled-1-1024x269.jpg 1024w, https:\/\/byenspsykologer.dk\/wp-content\/uploads\/2023\/03\/Fasade-_2-scaled-1-768x202.jpg 768w, https:\/\/byenspsykologer.dk\/wp-content\/uploads\/2023\/03\/Fasade-_2-scaled-1-1536x403.jpg 1536w\" sizes=\"(max-width: 2048px) 100vw, 2048px\" \/>\t\t\t\t\t\t\t\t\t\t\t\t\t\t\t<\/div>\n\t\t\t\t<\/div>\n\t\t\t\t\t<\/div>\n\t\t<\/div>\n\t\t\t\t\t<\/div>\n\t\t<\/section>\n\t\t\t\t<section class=\"elementor-section elementor-top-section elementor-element elementor-element-43ffacbd elementor-section-full_width elementor-section-height-min-height elementor-section-height-default elementor-section-items-middle\" data-id=\"43ffacbd\" data-element_type=\"section\" data-settings=\"{&quot;background_background&quot;:&quot;classic&quot;}\">\n\t\t\t\t\t\t<div class=\"elementor-container elementor-column-gap-default\">\n\t\t\t\t\t<div class=\"elementor-column elementor-col-50 elementor-top-column elementor-element elementor-element-4859d379\" data-id=\"4859d379\" data-element_type=\"column\">\n\t\t\t<div class=\"elementor-widget-wrap elementor-element-populated\">\n\t\t\t\t\t\t<div class=\"elementor-element elementor-element-6c6b62c8 elementor-widget elementor-widget-heading\" data-id=\"6c6b62c8\" data-element_type=\"widget\" data-widget_type=\"heading.default\">\n\t\t\t\t<div class=\"elementor-widget-container\">\n\t\t\t\t\t<h2 class=\"elementor-heading-title elementor-size-default\">Du fortjener at f\u00e5 den bedste professionelle behandling<\/h2>\t\t\t\t<\/div>\n\t\t\t\t<\/div>\n\t\t\t\t\t<\/div>\n\t\t<\/div>\n\t\t\t\t<div class=\"elementor-column elementor-col-50 elementor-top-column elementor-element elementor-element-2ffcd407\" data-id=\"2ffcd407\" data-element_type=\"column\">\n\t\t\t<div class=\"elementor-widget-wrap elementor-element-populated\">\n\t\t\t\t\t\t<div class=\"elementor-element elementor-element-23801f7b elementor-widget elementor-widget-text-editor\" data-id=\"23801f7b\" data-element_type=\"widget\" data-widget_type=\"text-editor.default\">\n\t\t\t\t<div class=\"elementor-widget-container\">\n\t\t\t\t\t\t\t\t\t<p>Vi kan alle \u00a0l\u00f8be ind i problemer eller situationer, som kan synes ul\u00f8selige eller hvor vi f\u00f8ler os fastl\u00e5ste. N\u00e5r det sker, kan det v\u00e6re en fordel at f\u00e5 professionel hj\u00e6lp fra en udenforst\u00e5ende, f.eks. fra en psykolog, der ikke har de samme f\u00f8lelser i klemme som en n\u00e6r ven eller et familiemedlem.<\/p>\t\t\t\t\t\t\t\t<\/div>\n\t\t\t\t<\/div>\n\t\t\t\t\t<\/div>\n\t\t<\/div>\n\t\t\t\t\t<\/div>\n\t\t<\/section>\n\t\t\t\t<section class=\"elementor-section elementor-top-section elementor-element elementor-element-20cd367e elementor-section-full_width elementor-section-height-min-height elementor-section-height-default elementor-section-items-middle\" data-id=\"20cd367e\" data-element_type=\"section\" data-settings=\"{&quot;background_background&quot;:&quot;classic&quot;}\">\n\t\t\t\t\t\t<div class=\"elementor-container elementor-column-gap-no\">\n\t\t\t\t\t<div class=\"elementor-column elementor-col-25 elementor-top-column elementor-element elementor-element-380587bc\" data-id=\"380587bc\" data-element_type=\"column\">\n\t\t\t<div class=\"elementor-widget-wrap elementor-element-populated\">\n\t\t\t\t\t\t<div class=\"elementor-element elementor-element-5e9f9eb7 elementor-widget elementor-widget-icon-box\" data-id=\"5e9f9eb7\" data-element_type=\"widget\" data-widget_type=\"icon-box.default\">\n\t\t\t\t<div class=\"elementor-widget-container\">\n\t\t\t\t\t\t\t<div class=\"elementor-icon-box-wrapper\">\n\n\t\t\t\n\t\t\t\t\t\t<div class=\"elementor-icon-box-content\">\n\n\t\t\t\t\t\t\t\t\t<h3 class=\"elementor-icon-box-title\">\n\t\t\t\t\t\t<span  >\n\t\t\t\t\t\t\tparkonflikter-kommunikation familieterapi\t\t\t\t\t\t<\/span>\n\t\t\t\t\t<\/h3>\n\t\t\t\t\n\t\t\t\t\n\t\t\t<\/div>\n\t\t\t\n\t\t<\/div>\n\t\t\t\t\t\t<\/div>\n\t\t\t\t<\/div>\n\t\t\t\t\t<\/div>\n\t\t<\/div>\n\t\t\t\t<div class=\"elementor-column elementor-col-25 elementor-top-column elementor-element elementor-element-6da58fe5\" data-id=\"6da58fe5\" data-element_type=\"column\">\n\t\t\t<div class=\"elementor-widget-wrap elementor-element-populated\">\n\t\t\t\t\t\t<div class=\"elementor-element elementor-element-4ee9d28c elementor-widget elementor-widget-icon-box\" data-id=\"4ee9d28c\" data-element_type=\"widget\" data-widget_type=\"icon-box.default\">\n\t\t\t\t<div class=\"elementor-widget-container\">\n\t\t\t\t\t\t\t<div class=\"elementor-icon-box-wrapper\">\n\n\t\t\t\n\t\t\t\t\t\t<div class=\"elementor-icon-box-content\">\n\n\t\t\t\t\t\t\t\t\t<h3 class=\"elementor-icon-box-title\">\n\t\t\t\t\t\t<span  >\n\t\t\t\t\t\t\tstress, angst, depression, krise, sorg\t\t\t\t\t\t<\/span>\n\t\t\t\t\t<\/h3>\n\t\t\t\t\n\t\t\t\t\n\t\t\t<\/div>\n\t\t\t\n\t\t<\/div>\n\t\t\t\t\t\t<\/div>\n\t\t\t\t<\/div>\n\t\t\t\t\t<\/div>\n\t\t<\/div>\n\t\t\t\t<div class=\"elementor-column elementor-col-25 elementor-top-column elementor-element elementor-element-609c01b4\" data-id=\"609c01b4\" data-element_type=\"column\">\n\t\t\t<div class=\"elementor-widget-wrap elementor-element-populated\">\n\t\t\t\t\t\t<div class=\"elementor-element elementor-element-61574eb9 elementor-widget elementor-widget-icon-box\" data-id=\"61574eb9\" data-element_type=\"widget\" data-widget_type=\"icon-box.default\">\n\t\t\t\t<div class=\"elementor-widget-container\">\n\t\t\t\t\t\t\t<div class=\"elementor-icon-box-wrapper\">\n\n\t\t\t\n\t\t\t\t\t\t<div class=\"elementor-icon-box-content\">\n\n\t\t\t\t\t\t\t\t\t<h3 class=\"elementor-icon-box-title\">\n\t\t\t\t\t\t<span  >\n\t\t\t\t\t\t\tEksistentielle problematikker Personlig udvikling\t\t\t\t\t\t<\/span>\n\t\t\t\t\t<\/h3>\n\t\t\t\t\n\t\t\t\t\n\t\t\t<\/div>\n\t\t\t\n\t\t<\/div>\n\t\t\t\t\t\t<\/div>\n\t\t\t\t<\/div>\n\t\t\t\t\t<\/div>\n\t\t<\/div>\n\t\t\t\t<div class=\"elementor-column elementor-col-25 elementor-top-column elementor-element elementor-element-6d76f7d8\" data-id=\"6d76f7d8\" data-element_type=\"column\">\n\t\t\t<div class=\"elementor-widget-wrap elementor-element-populated\">\n\t\t\t\t\t\t<div class=\"elementor-element elementor-element-bffb978 elementor-widget elementor-widget-icon-box\" data-id=\"bffb978\" data-element_type=\"widget\" data-widget_type=\"icon-box.default\">\n\t\t\t\t<div class=\"elementor-widget-container\">\n\t\t\t\t\t\t\t<div class=\"elementor-icon-box-wrapper\">\n\n\t\t\t\n\t\t\t\t\t\t<div class=\"elementor-icon-box-content\">\n\n\t\t\t\t\t\t\t\t\t<h3 class=\"elementor-icon-box-title\">\n\t\t\t\t\t\t<span  >\n\t\t\t\t\t\t\tkropsterapi hypnose  mindfulness Akupunktur\t\t\t\t\t\t<\/span>\n\t\t\t\t\t<\/h3>\n\t\t\t\t\n\t\t\t\t\n\t\t\t<\/div>\n\t\t\t\n\t\t<\/div>\n\t\t\t\t\t\t<\/div>\n\t\t\t\t<\/div>\n\t\t\t\t\t<\/div>\n\t\t<\/div>\n\t\t\t\t\t<\/div>\n\t\t<\/section>\n\t\t\t\t<section class=\"elementor-section elementor-top-section elementor-element elementor-element-3318e30 elementor-section-full_width elementor-section-height-default elementor-section-height-default\" data-id=\"3318e30\" data-element_type=\"section\">\n\t\t\t\t\t\t<div class=\"elementor-container elementor-column-gap-no\">\n\t\t\t\t\t<div class=\"elementor-column elementor-col-100 elementor-top-column elementor-element elementor-element-356f1e5\" data-id=\"356f1e5\" data-element_type=\"column\">\n\t\t\t<div class=\"elementor-widget-wrap elementor-element-populated\">\n\t\t\t\t\t\t<div class=\"elementor-element elementor-element-83befb9 elementor-align-right elementor-widget elementor-widget-button\" data-id=\"83befb9\" data-element_type=\"widget\" data-widget_type=\"button.default\">\n\t\t\t\t<div class=\"elementor-widget-container\">\n\t\t\t\t\t\t\t\t\t<div class=\"elementor-button-wrapper\">\n\t\t\t\t\t<a class=\"elementor-button elementor-button-link elementor-size-sm\" href=\"https:\/\/byenspsykologer.dk\/index.php\/moed-psykologerne\/\">\n\t\t\t\t\t\t<span class=\"elementor-button-content-wrapper\">\n\t\t\t\t\t\t\t\t\t<span class=\"elementor-button-text\">M\u00f8d vores psykologer<\/span>\n\t\t\t\t\t<\/span>\n\t\t\t\t\t<\/a>\n\t\t\t\t<\/div>\n\t\t\t\t\t\t\t\t<\/div>\n\t\t\t\t<\/div>\n\t\t\t\t\t<\/div>\n\t\t<\/div>\n\t\t\t\t\t<\/div>\n\t\t<\/section>\n\t\t\t\t<section class=\"elementor-section elementor-top-section elementor-element elementor-element-73c7b25f elementor-section-full_width elementor-section-height-min-height elementor-section-height-default elementor-section-items-middle\" data-id=\"73c7b25f\" data-element_type=\"section\" data-settings=\"{&quot;background_background&quot;:&quot;classic&quot;}\">\n\t\t\t\t\t\t<div class=\"elementor-container elementor-column-gap-default\">\n\t\t\t\t\t<div class=\"elementor-column elementor-col-50 elementor-top-column elementor-element elementor-element-20ed0d07\" data-id=\"20ed0d07\" data-element_type=\"column\">\n\t\t\t<div class=\"elementor-widget-wrap elementor-element-populated\">\n\t\t\t\t\t\t<div class=\"elementor-element elementor-element-4ebe2008 elementor-widget elementor-widget-heading\" data-id=\"4ebe2008\" data-element_type=\"widget\" data-widget_type=\"heading.default\">\n\t\t\t\t<div class=\"elementor-widget-container\">\n\t\t\t\t\t<h2 class=\"elementor-heading-title elementor-size-default\">S\u00e5dan finder du din psykolog<\/h2>\t\t\t\t<\/div>\n\t\t\t\t<\/div>\n\t\t\t\t\t<\/div>\n\t\t<\/div>\n\t\t\t\t<div class=\"elementor-column elementor-col-50 elementor-top-column elementor-element elementor-element-1191af9\" data-id=\"1191af9\" data-element_type=\"column\">\n\t\t\t<div class=\"elementor-widget-wrap elementor-element-populated\">\n\t\t\t\t\t\t<div class=\"elementor-element elementor-element-0103175 elementor-widget elementor-widget-text-editor\" data-id=\"0103175\" data-element_type=\"widget\" data-widget_type=\"text-editor.default\">\n\t\t\t\t<div class=\"elementor-widget-container\">\n\t\t\t\t\t\t\t\t\t<p>Du vurderer din eller jeres situation, og bes\u00f8ger de respektive psykologers intro sider, du kan s\u00e5 efterf\u00f8lgende kontakte den eller de som tiltaler dig, ud fra deres intro. Kontakt m\u00e5den er lidt forskellig fra psykolog til psykolog, nogle har tillige deres egen hjemmeside som de henviser til.<\/p>\t\t\t\t\t\t\t\t<\/div>\n\t\t\t\t<\/div>\n\t\t\t\t\t<\/div>\n\t\t<\/div>\n\t\t\t\t\t<\/div>\n\t\t<\/section>\n\t\t\t\t<\/div>\n\t\t","protected":false},"excerpt":{"rendered":"<p>Byens Psykologer Byens Psykologer er et f\u00e6llesskab af uafh\u00e6ngige, universitets-uddannede psykologer. Lokaler til behandlere Du fortjener at f\u00e5 den bedste professionelle behandling Vi kan alle \u00a0l\u00f8be ind i problemer eller situationer, som kan synes ul\u00f8selige eller hvor vi f\u00f8ler os fastl\u00e5ste. N\u00e5r det sker, kan det v\u00e6re en fordel at f\u00e5 professionel hj\u00e6lp fra en [&hellip;]<\/p>\n","protected":false},"author":1,"featured_media":0,"parent":0,"menu_order":1,"comment_status":"closed","ping_status":"closed","template":"elementor_header_footer","meta":{"footnotes":""},"class_list":["post-277","page","type-page","status-publish","hentry"],"yoast_head":"<!-- This site is optimized with the Yoast SEO plugin v26.3 - https:\/\/yoast.com\/wordpress\/plugins\/seo\/ -->\n<title>Hjem - Byens Psykologer %<\/title>\n<meta name=\"description\" content=\"Find erfarne psykologer og kropsterapeuter i K\u00f8benhavn. Byens Psykologer tilbyder professionelle samtaler og terapi skr\u00e6ddersyet til dine behov.\" \/>\n<meta name=\"robots\" content=\"index, follow, max-snippet:-1, max-image-preview:large, max-video-preview:-1\" \/>\n<link rel=\"canonical\" href=\"https:\/\/byenspsykologer.dk\/\" \/>\n<meta property=\"og:locale\" content=\"da_DK\" \/>\n<meta property=\"og:type\" content=\"article\" \/>\n<meta property=\"og:title\" content=\"Hjem - Byens Psykologer %\" \/>\n<meta property=\"og:description\" content=\"Find erfarne psykologer og kropsterapeuter i K\u00f8benhavn. Byens Psykologer tilbyder professionelle samtaler og terapi skr\u00e6ddersyet til dine behov.\" \/>\n<meta property=\"og:url\" content=\"https:\/\/byenspsykologer.dk\/\" \/>\n<meta property=\"og:site_name\" content=\"Byens Psykologer\" \/>\n<meta property=\"article:modified_time\" content=\"2026-02-17T13:36:27+00:00\" \/>\n<meta property=\"og:image\" content=\"https:\/\/byenspsykologer.dk\/wp-content\/uploads\/2023\/03\/Fasade-_2-scaled-1-2048x538.jpg\" \/>\n<meta name=\"twitter:card\" content=\"summary_large_image\" \/>\n<meta name=\"twitter:label1\" content=\"Estimeret l\u00e6setid\" \/>\n\t<meta name=\"twitter:data1\" content=\"1 minut\" \/>\n<script type=\"application\/ld+json\" class=\"yoast-schema-graph\">{\"@context\":\"https:\/\/schema.org\",\"@graph\":[{\"@type\":\"WebPage\",\"@id\":\"https:\/\/byenspsykologer.dk\/\",\"url\":\"https:\/\/byenspsykologer.dk\/\",\"name\":\"Hjem - Byens Psykologer %\",\"isPartOf\":{\"@id\":\"https:\/\/byenspsykologer.dk\/#website\"},\"primaryImageOfPage\":{\"@id\":\"https:\/\/byenspsykologer.dk\/#primaryimage\"},\"image\":{\"@id\":\"https:\/\/byenspsykologer.dk\/#primaryimage\"},\"thumbnailUrl\":\"https:\/\/byenspsykologer.dk\/wp-content\/uploads\/2023\/03\/Fasade-_2-scaled-1-2048x538.jpg\",\"datePublished\":\"2023-02-27T09:15:45+00:00\",\"dateModified\":\"2026-02-17T13:36:27+00:00\",\"description\":\"Find erfarne psykologer og kropsterapeuter i K\u00f8benhavn. Byens Psykologer tilbyder professionelle samtaler og terapi skr\u00e6ddersyet til dine behov.\",\"breadcrumb\":{\"@id\":\"https:\/\/byenspsykologer.dk\/#breadcrumb\"},\"inLanguage\":\"da-DK\",\"potentialAction\":[{\"@type\":\"ReadAction\",\"target\":[\"https:\/\/byenspsykologer.dk\/\"]}]},{\"@type\":\"ImageObject\",\"inLanguage\":\"da-DK\",\"@id\":\"https:\/\/byenspsykologer.dk\/#primaryimage\",\"url\":\"https:\/\/byenspsykologer.dk\/wp-content\/uploads\/2023\/03\/Fasade-_2-scaled-1.jpg\",\"contentUrl\":\"https:\/\/byenspsykologer.dk\/wp-content\/uploads\/2023\/03\/Fasade-_2-scaled-1.jpg\",\"width\":2560,\"height\":672},{\"@type\":\"BreadcrumbList\",\"@id\":\"https:\/\/byenspsykologer.dk\/#breadcrumb\",\"itemListElement\":[{\"@type\":\"ListItem\",\"position\":1,\"name\":\"Hjem\",\"item\":\"https:\/\/byenspsykologer.dk\/\"},{\"@type\":\"ListItem\",\"position\":2,\"name\":\"Hjem\"}]},{\"@type\":\"WebSite\",\"@id\":\"https:\/\/byenspsykologer.dk\/#website\",\"url\":\"https:\/\/byenspsykologer.dk\/\",\"name\":\"Byens Psykologer\",\"description\":\"\",\"publisher\":{\"@id\":\"https:\/\/byenspsykologer.dk\/#organization\"},\"potentialAction\":[{\"@type\":\"SearchAction\",\"target\":{\"@type\":\"EntryPoint\",\"urlTemplate\":\"https:\/\/byenspsykologer.dk\/?s={search_term_string}\"},\"query-input\":{\"@type\":\"PropertyValueSpecification\",\"valueRequired\":true,\"valueName\":\"search_term_string\"}}],\"inLanguage\":\"da-DK\"},{\"@type\":\"Organization\",\"@id\":\"https:\/\/byenspsykologer.dk\/#organization\",\"name\":\"Byens Psykologer\",\"url\":\"https:\/\/byenspsykologer.dk\/\",\"logo\":{\"@type\":\"ImageObject\",\"inLanguage\":\"da-DK\",\"@id\":\"https:\/\/byenspsykologer.dk\/#\/schema\/logo\/image\/\",\"url\":\"https:\/\/byenspsykologer.dk\/wp-content\/uploads\/2023\/03\/cropped-logo-1-ub.png\",\"contentUrl\":\"https:\/\/byenspsykologer.dk\/wp-content\/uploads\/2023\/03\/cropped-logo-1-ub.png\",\"width\":571,\"height\":88,\"caption\":\"Byens Psykologer\"},\"image\":{\"@id\":\"https:\/\/byenspsykologer.dk\/#\/schema\/logo\/image\/\"}}]}<\/script>\n<!-- \/ Yoast SEO plugin. -->","yoast_head_json":{"title":"Hjem - Byens Psykologer %","description":"Find erfarne psykologer og kropsterapeuter i K\u00f8benhavn. Byens Psykologer tilbyder professionelle samtaler og terapi skr\u00e6ddersyet til dine behov.","robots":{"index":"index","follow":"follow","max-snippet":"max-snippet:-1","max-image-preview":"max-image-preview:large","max-video-preview":"max-video-preview:-1"},"canonical":"https:\/\/byenspsykologer.dk\/","og_locale":"da_DK","og_type":"article","og_title":"Hjem - Byens Psykologer %","og_description":"Find erfarne psykologer og kropsterapeuter i K\u00f8benhavn. Byens Psykologer tilbyder professionelle samtaler og terapi skr\u00e6ddersyet til dine behov.","og_url":"https:\/\/byenspsykologer.dk\/","og_site_name":"Byens Psykologer","article_modified_time":"2026-02-17T13:36:27+00:00","og_image":[{"url":"https:\/\/byenspsykologer.dk\/wp-content\/uploads\/2023\/03\/Fasade-_2-scaled-1-2048x538.jpg","type":"","width":"","height":""}],"twitter_card":"summary_large_image","twitter_misc":{"Estimeret l\u00e6setid":"1 minut"},"schema":{"@context":"https:\/\/schema.org","@graph":[{"@type":"WebPage","@id":"https:\/\/byenspsykologer.dk\/","url":"https:\/\/byenspsykologer.dk\/","name":"Hjem - Byens Psykologer %","isPartOf":{"@id":"https:\/\/byenspsykologer.dk\/#website"},"primaryImageOfPage":{"@id":"https:\/\/byenspsykologer.dk\/#primaryimage"},"image":{"@id":"https:\/\/byenspsykologer.dk\/#primaryimage"},"thumbnailUrl":"https:\/\/byenspsykologer.dk\/wp-content\/uploads\/2023\/03\/Fasade-_2-scaled-1-2048x538.jpg","datePublished":"2023-02-27T09:15:45+00:00","dateModified":"2026-02-17T13:36:27+00:00","description":"Find erfarne psykologer og kropsterapeuter i K\u00f8benhavn. Byens Psykologer tilbyder professionelle samtaler og terapi skr\u00e6ddersyet til dine behov.","breadcrumb":{"@id":"https:\/\/byenspsykologer.dk\/#breadcrumb"},"inLanguage":"da-DK","potentialAction":[{"@type":"ReadAction","target":["https:\/\/byenspsykologer.dk\/"]}]},{"@type":"ImageObject","inLanguage":"da-DK","@id":"https:\/\/byenspsykologer.dk\/#primaryimage","url":"https:\/\/byenspsykologer.dk\/wp-content\/uploads\/2023\/03\/Fasade-_2-scaled-1.jpg","contentUrl":"https:\/\/byenspsykologer.dk\/wp-content\/uploads\/2023\/03\/Fasade-_2-scaled-1.jpg","width":2560,"height":672},{"@type":"BreadcrumbList","@id":"https:\/\/byenspsykologer.dk\/#breadcrumb","itemListElement":[{"@type":"ListItem","position":1,"name":"Hjem","item":"https:\/\/byenspsykologer.dk\/"},{"@type":"ListItem","position":2,"name":"Hjem"}]},{"@type":"WebSite","@id":"https:\/\/byenspsykologer.dk\/#website","url":"https:\/\/byenspsykologer.dk\/","name":"Byens Psykologer","description":"","publisher":{"@id":"https:\/\/byenspsykologer.dk\/#organization"},"potentialAction":[{"@type":"SearchAction","target":{"@type":"EntryPoint","urlTemplate":"https:\/\/byenspsykologer.dk\/?s={search_term_string}"},"query-input":{"@type":"PropertyValueSpecification","valueRequired":true,"valueName":"search_term_string"}}],"inLanguage":"da-DK"},{"@type":"Organization","@id":"https:\/\/byenspsykologer.dk\/#organization","name":"Byens Psykologer","url":"https:\/\/byenspsykologer.dk\/","logo":{"@type":"ImageObject","inLanguage":"da-DK","@id":"https:\/\/byenspsykologer.dk\/#\/schema\/logo\/image\/","url":"https:\/\/byenspsykologer.dk\/wp-content\/uploads\/2023\/03\/cropped-logo-1-ub.png","contentUrl":"https:\/\/byenspsykologer.dk\/wp-content\/uploads\/2023\/03\/cropped-logo-1-ub.png","width":571,"height":88,"caption":"Byens Psykologer"},"image":{"@id":"https:\/\/byenspsykologer.dk\/#\/schema\/logo\/image\/"}}]}},"_links":{"self":[{"href":"https:\/\/byenspsykologer.dk\/index.php\/wp-json\/wp\/v2\/pages\/277","targetHints":{"allow":["GET"]}}],"collection":[{"href":"https:\/\/byenspsykologer.dk\/index.php\/wp-json\/wp\/v2\/pages"}],"about":[{"href":"https:\/\/byenspsykologer.dk\/index.php\/wp-json\/wp\/v2\/types\/page"}],"author":[{"embeddable":true,"href":"https:\/\/byenspsykologer.dk\/index.php\/wp-json\/wp\/v2\/users\/1"}],"replies":[{"embeddable":true,"href":"https:\/\/byenspsykologer.dk\/index.php\/wp-json\/wp\/v2\/comments?post=277"}],"version-history":[{"count":16,"href":"https:\/\/byenspsykologer.dk\/index.php\/wp-json\/wp\/v2\/pages\/277\/revisions"}],"predecessor-version":[{"id":2123,"href":"https:\/\/byenspsykologer.dk\/index.php\/wp-json\/wp\/v2\/pages\/277\/revisions\/2123"}],"wp:attachment":[{"href":"https:\/\/byenspsykologer.dk\/index.php\/wp-json\/wp\/v2\/media?parent=277"}],"curies":[{"name":"wp","href":"https:\/\/api.w.org\/{rel}","templated":true}]}}